{"id":40,"date":"2026-01-30T21:56:44","date_gmt":"2026-01-30T21:56:44","guid":{"rendered":"https:\/\/muz.com.tr\/tr\/?product=product-title-here"},"modified":"2026-02-26T07:00:44","modified_gmt":"2026-02-26T07:00:44","slug":"muz-yetistiriciligi-genisletilmis-4-baski","status":"publish","type":"product","link":"https:\/\/muz.com.tr\/tr\/urun\/muz-yetistiriciligi-genisletilmis-4-baski\/","title":{"rendered":"Muz Yeti\u015ftiricili\u011fi &#8211; Geni\u015fletilmi\u015f 4. Bask\u0131"},"content":{"rendered":"<p>Ziraat Y\u00fcksek M\u00fchendisi B\u00fcnyamin Kozak taraf\u0131ndan yaz\u0131lan Muz Yeti\u015ftiricili\u011fi kitab\u0131nda A\u2019dan Z\u2019ye muz \u00fcretimi ile ilgili b\u00fct\u00fcn konular ayr\u0131nt\u0131l\u0131 bir \u015fekilde incelendi. 200\u2019e yak\u0131n yerli ve yabanc\u0131 kayna\u011f\u0131n kullan\u0131ld\u0131\u011f\u0131 yay\u0131n \u00fcreticinin de anlayaca\u011f\u0131 ak\u0131c\u0131 bir dilde haz\u0131rland\u0131 ve \u00fcreticilerine ula\u015ft\u0131r\u0131l\u0131yor. Tam 808 sayfa.<\/p>\n<p>Kitapta, Muzun tarih\u00e7esi, T\u00fcrkiye\u2019ye giri\u015fi, D\u00fcnya ve T\u00fcrkiye ekonomisindeki yeri, muzun bitkisel \u00f6zellikleri, yeti\u015ftirme ortam\u0131, g\u00fcbreleme, sera \u00f6zellikleri, yeti\u015ftirme teknikleri, hastal\u0131k zararl\u0131lar\u0131 ve m\u00fccadelesi, yeti\u015ftiricinin sorunlar\u0131 ve \u00e7\u00f6z\u00fcm \u00f6nerileri, muzun besleyicili\u011fi, yemek ve tatl\u0131 \u00e7e\u015fitlerinde kullan\u0131m\u0131 gibi konular anlat\u0131l\u0131yor.<\/p>\n<p><iframe loading=\"lazy\" style=\"border-radius: 12px;\" src=\"https:\/\/open.spotify.com\/embed\/episode\/0jSeBjQoERPeycU4DpsKEQ?utm_source=generator\" width=\"100%\" height=\"352\" frameborder=\"0\" allowfullscreen=\"allowfullscreen\" data-testid=\"embed-iframe\"><\/iframe><\/p>\n","protected":false},"excerpt":{"rendered":"<p>Ziraat Y\u00fcksek M\u00fchendisi B\u00fcnyamin Kozak taraf\u0131ndan yaz\u0131lan Muz Yeti\u015ftiricili\u011fi kitab\u0131nda A\u2019dan Z\u2019ye muz \u00fcretimi ile ilgili b\u00fct\u00fcn konular ayr\u0131nt\u0131l\u0131 bir \u015fekilde incelendi. 200\u2019e yak\u0131n yerli ve yabanc\u0131 kayna\u011f\u0131n kullan\u0131ld\u0131\u011f\u0131 yay\u0131n \u00fcreticinin de anlayaca\u011f\u0131 ak\u0131c\u0131 bir dilde haz\u0131rland\u0131 ve \u00fcreticilerine ula\u015ft\u0131r\u0131l\u0131yor. Tam 808 sayfa. Kitapta, Muzun tarih\u00e7esi, T\u00fcrkiye\u2019ye giri\u015fi, D\u00fcnya ve T\u00fcrkiye ekonomisindeki yeri, muzun bitkisel [&hellip;]<\/p>\n","protected":false},"featured_media":112,"comment_status":"open","ping_status":"closed","template":"","meta":{"_regular_price":["1499"],"currency_symbol":[]},"product_brand":[],"product_cat":[24],"product_tag":[18,19,20,17],"class_list":{"0":"post-40","1":"product","2":"type-product","3":"status-publish","4":"has-post-thumbnail","6":"product_cat-muz-kitabi","7":"product_tag-bunyamin-kozak","8":"product_tag-kitap","9":"product_tag-muz","10":"product_tag-muz-yetistiriciligi","12":"first","13":"instock","14":"sale","15":"featured","16":"taxable","17":"shipping-taxable","18":"purchasable","19":"product-type-simple"},"post_slider_layout_featured_media_urls":{"thumbnail":["https:\/\/muz.com.tr\/tr\/wp-content\/uploads\/2026\/01\/muz-yetistiriciligi-genisletilmis-4-baski-150x150.jpg",150,150,true],"post_slider_layout_landscape_large":["https:\/\/muz.com.tr\/tr\/wp-content\/uploads\/2026\/01\/muz-yetistiriciligi-genisletilmis-4-baski.jpg",800,800,false],"post_slider_layout_portrait_large":["https:\/\/muz.com.tr\/tr\/wp-content\/uploads\/2026\/01\/muz-yetistiriciligi-genisletilmis-4-baski.jpg",800,800,false],"post_slider_layout_square_large":["https:\/\/muz.com.tr\/tr\/wp-content\/uploads\/2026\/01\/muz-yetistiriciligi-genisletilmis-4-baski.jpg",800,800,false],"post_slider_layout_landscape":["https:\/\/muz.com.tr\/tr\/wp-content\/uploads\/2026\/01\/muz-yetistiriciligi-genisletilmis-4-baski-600x400.jpg",600,400,true],"post_slider_layout_portrait":["https:\/\/muz.com.tr\/tr\/wp-content\/uploads\/2026\/01\/muz-yetistiriciligi-genisletilmis-4-baski-600x800.jpg",600,800,true],"post_slider_layout_square":["https:\/\/muz.com.tr\/tr\/wp-content\/uploads\/2026\/01\/muz-yetistiriciligi-genisletilmis-4-baski-600x600.jpg",600,600,true],"full":["https:\/\/muz.com.tr\/tr\/wp-content\/uploads\/2026\/01\/muz-yetistiriciligi-genisletilmis-4-baski.jpg",800,800,false]},"jetpack_sharing_enabled":true,"_links":{"self":[{"href":"https:\/\/muz.com.tr\/tr\/wp-json\/wp\/v2\/product\/40","targetHints":{"allow":["GET"]}}],"collection":[{"href":"https:\/\/muz.com.tr\/tr\/wp-json\/wp\/v2\/product"}],"about":[{"href":"https:\/\/muz.com.tr\/tr\/wp-json\/wp\/v2\/types\/product"}],"replies":[{"embeddable":true,"href":"https:\/\/muz.com.tr\/tr\/wp-json\/wp\/v2\/comments?post=40"}],"wp:featuredmedia":[{"embeddable":true,"href":"https:\/\/muz.com.tr\/tr\/wp-json\/wp\/v2\/media\/112"}],"wp:attachment":[{"href":"https:\/\/muz.com.tr\/tr\/wp-json\/wp\/v2\/media?parent=40"}],"wp:term":[{"taxonomy":"product_brand","embeddable":true,"href":"https:\/\/muz.com.tr\/tr\/wp-json\/wp\/v2\/product_brand?post=40"},{"taxonomy":"product_cat","embeddable":true,"href":"https:\/\/muz.com.tr\/tr\/wp-json\/wp\/v2\/product_cat?post=40"},{"taxonomy":"product_tag","embeddable":true,"href":"https:\/\/muz.com.tr\/tr\/wp-json\/wp\/v2\/product_tag?post=40"}],"curies":[{"name":"wp","href":"https:\/\/api.w.org\/{rel}","templated":true}]}}