{"id":38,"date":"2026-01-30T21:56:43","date_gmt":"2026-01-30T21:56:43","guid":{"rendered":"https:\/\/muz.com.tr\/tr\/?page_id=38"},"modified":"2026-02-01T09:26:32","modified_gmt":"2026-02-01T09:26:32","slug":"adana-antalya-arasina-ozel-hizmet","status":"publish","type":"page","link":"https:\/\/muz.com.tr\/tr\/adana-antalya-arasina-ozel-hizmet\/","title":{"rendered":"Adana-Antalya aras\u0131na \u00f6zel hizmet"},"content":{"rendered":"<p>Adana-Antalya aras\u0131ndan 50.000 TL ve \u00fczeri sipari\u015fleriniz bir hafta i\u00e7inde bah\u00e7enize\/seran\u0131za teslim edilir.<\/p>\n","protected":false},"excerpt":{"rendered":"<p>Adana-Antalya aras\u0131ndan 50.000 TL ve \u00fczeri sipari\u015fleriniz bir hafta i\u00e7inde bah\u00e7enize\/seran\u0131za teslim edilir.<\/p>\n","protected":false},"author":1,"featured_media":160,"parent":0,"menu_order":0,"comment_status":"closed","ping_status":"closed","template":"","meta":{"_regular_price":[],"currency_symbol":[],"footnotes":""},"class_list":["post-38","page","type-page","status-publish","has-post-thumbnail","hentry"],"post_slider_layout_featured_media_urls":{"thumbnail":["https:\/\/muz.com.tr\/tr\/wp-content\/uploads\/2026\/02\/banner3-150x150.jpg",150,150,true],"post_slider_layout_landscape_large":["https:\/\/muz.com.tr\/tr\/wp-content\/uploads\/2026\/02\/banner3.jpg",1200,374,false],"post_slider_layout_portrait_large":["https:\/\/muz.com.tr\/tr\/wp-content\/uploads\/2026\/02\/banner3.jpg",1200,374,false],"post_slider_layout_square_large":["https:\/\/muz.com.tr\/tr\/wp-content\/uploads\/2026\/02\/banner3.jpg",1200,374,false],"post_slider_layout_landscape":["https:\/\/muz.com.tr\/tr\/wp-content\/uploads\/2026\/02\/banner3-600x374.jpg",600,374,true],"post_slider_layout_portrait":["https:\/\/muz.com.tr\/tr\/wp-content\/uploads\/2026\/02\/banner3-600x374.jpg",600,374,true],"post_slider_layout_square":["https:\/\/muz.com.tr\/tr\/wp-content\/uploads\/2026\/02\/banner3-600x374.jpg",600,374,true],"full":["https:\/\/muz.com.tr\/tr\/wp-content\/uploads\/2026\/02\/banner3.jpg",1200,374,false]},"jetpack_sharing_enabled":true,"_links":{"self":[{"href":"https:\/\/muz.com.tr\/tr\/wp-json\/wp\/v2\/pages\/38","targetHints":{"allow":["GET"]}}],"collection":[{"href":"https:\/\/muz.com.tr\/tr\/wp-json\/wp\/v2\/pages"}],"about":[{"href":"https:\/\/muz.com.tr\/tr\/wp-json\/wp\/v2\/types\/page"}],"author":[{"embeddable":true,"href":"https:\/\/muz.com.tr\/tr\/wp-json\/wp\/v2\/users\/1"}],"replies":[{"embeddable":true,"href":"https:\/\/muz.com.tr\/tr\/wp-json\/wp\/v2\/comments?post=38"}],"version-history":[{"count":2,"href":"https:\/\/muz.com.tr\/tr\/wp-json\/wp\/v2\/pages\/38\/revisions"}],"predecessor-version":[{"id":159,"href":"https:\/\/muz.com.tr\/tr\/wp-json\/wp\/v2\/pages\/38\/revisions\/159"}],"wp:featuredmedia":[{"embeddable":true,"href":"https:\/\/muz.com.tr\/tr\/wp-json\/wp\/v2\/media\/160"}],"wp:attachment":[{"href":"https:\/\/muz.com.tr\/tr\/wp-json\/wp\/v2\/media?parent=38"}],"curies":[{"name":"wp","href":"https:\/\/api.w.org\/{rel}","templated":true}]}}