{"id":36,"date":"2026-01-30T21:56:43","date_gmt":"2026-01-30T21:56:43","guid":{"rendered":"https:\/\/muz.com.tr\/tr\/?page_id=36"},"modified":"2026-02-01T09:13:30","modified_gmt":"2026-02-01T09:13:30","slug":"ogrenci-indirimi","status":"publish","type":"page","link":"https:\/\/muz.com.tr\/tr\/ogrenci-indirimi\/","title":{"rendered":"Muz Yeti\u015ftiricili\u011fi kitab\u0131na indirimli sahip olmak isteyen \u00f6\u011frenciler.."},"content":{"rendered":"<p><b>Bir defaya mahsus olmak \u00fczere Muz Yeti\u015ftiricili\u011fi kitab\u0131na indirimli sahip olabilirsiniz..<\/b><\/p>\n<h2><\/h2>\n<p>Yapman\u0131z gereken i\u015flemler ad\u0131m ad\u0131m a\u015fa\u011f\u0131da a\u00e7\u0131klanm\u0131\u015ft\u0131r.<\/p>\n<p>\u00d6ncelikle sitemize \u00fcye olmal\u0131s\u0131n\u0131z..<\/p>\n<p>Daha sonra\u00a0<a href=\"https:\/\/web.archive.org\/web\/20211025170139\/https:\/\/www.turkiye.gov.tr\/yok-ogrenci-belgesi-sorgulama\">E-Devlet\u00a0 Y\u00fcksek\u00f6\u011fretim Kurulu Ba\u015fkanl\u0131\u011f\u0131 \u00d6\u011frenci Belgesi Sorgulama<\/a>\u00a0sayfas\u0131ndan \u00d6\u011frenci Belgesini indirmeli ve\u00a0<a href=\"https:\/\/web.archive.org\/web\/20211025170139\/mailto:magaza@muz.com.tr\">magaza@muz.com.tr<\/a>\u00a0adresinden bize g\u00f6ndermelisiniz.<\/p>\n<p>Bizler E-Devlet\u00a0 Y\u00fcksek\u00f6\u011fretim Kurulu Ba\u015fkanl\u0131\u011f\u0131 \u00d6\u011frenci Belgesi Do\u011frulama sayfas\u0131ndan \u00f6\u011frenci belgenizi do\u011frulayaca\u011f\u0131z.<\/p>\n<p>Ard\u0131ndan sizin i\u00e7in, bir defa kullan\u0131lmak \u00fczere indiriminizi tan\u0131mlayaca\u011f\u0131z.<\/p>\n<p>Sipari\u015finizi\u00a0<a href=\"https:\/\/muz.com.tr\/tr\/urun\/muz-yetistiriciligi-genisletilmis-4-baski\/\"><strong>buradan<\/strong><\/a>\u00a0verebilirsiniz..<\/p>\n","protected":false},"excerpt":{"rendered":"<p>Bir defaya mahsus olmak \u00fczere Muz Yeti\u015ftiricili\u011fi kitab\u0131na indirimli sahip olabilirsiniz.. Yapman\u0131z gereken i\u015flemler ad\u0131m ad\u0131m a\u015fa\u011f\u0131da a\u00e7\u0131klanm\u0131\u015ft\u0131r. \u00d6ncelikle sitemize \u00fcye olmal\u0131s\u0131n\u0131z.. Daha sonra\u00a0E-Devlet\u00a0 Y\u00fcksek\u00f6\u011fretim Kurulu Ba\u015fkanl\u0131\u011f\u0131 \u00d6\u011frenci Belgesi Sorgulama\u00a0sayfas\u0131ndan \u00d6\u011frenci Belgesini indirmeli ve\u00a0magaza@muz.com.tr\u00a0adresinden bize g\u00f6ndermelisiniz. Bizler E-Devlet\u00a0 Y\u00fcksek\u00f6\u011fretim Kurulu Ba\u015fkanl\u0131\u011f\u0131 \u00d6\u011frenci Belgesi Do\u011frulama sayfas\u0131ndan \u00f6\u011frenci belgenizi do\u011frulayaca\u011f\u0131z. Ard\u0131ndan sizin i\u00e7in, bir defa kullan\u0131lmak \u00fczere [&hellip;]<\/p>\n","protected":false},"author":1,"featured_media":157,"parent":0,"menu_order":0,"comment_status":"closed","ping_status":"closed","template":"","meta":{"_regular_price":[],"currency_symbol":[],"footnotes":""},"class_list":["post-36","page","type-page","status-publish","has-post-thumbnail","hentry"],"post_slider_layout_featured_media_urls":{"thumbnail":["https:\/\/muz.com.tr\/tr\/wp-content\/uploads\/2026\/02\/banner-150x150.jpg",150,150,true],"post_slider_layout_landscape_large":["https:\/\/muz.com.tr\/tr\/wp-content\/uploads\/2026\/02\/banner.jpg",1200,374,false],"post_slider_layout_portrait_large":["https:\/\/muz.com.tr\/tr\/wp-content\/uploads\/2026\/02\/banner.jpg",1200,374,false],"post_slider_layout_square_large":["https:\/\/muz.com.tr\/tr\/wp-content\/uploads\/2026\/02\/banner.jpg",1200,374,false],"post_slider_layout_landscape":["https:\/\/muz.com.tr\/tr\/wp-content\/uploads\/2026\/02\/banner-600x374.jpg",600,374,true],"post_slider_layout_portrait":["https:\/\/muz.com.tr\/tr\/wp-content\/uploads\/2026\/02\/banner-600x374.jpg",600,374,true],"post_slider_layout_square":["https:\/\/muz.com.tr\/tr\/wp-content\/uploads\/2026\/02\/banner-600x374.jpg",600,374,true],"full":["https:\/\/muz.com.tr\/tr\/wp-content\/uploads\/2026\/02\/banner.jpg",1200,374,false]},"jetpack_sharing_enabled":true,"_links":{"self":[{"href":"https:\/\/muz.com.tr\/tr\/wp-json\/wp\/v2\/pages\/36","targetHints":{"allow":["GET"]}}],"collection":[{"href":"https:\/\/muz.com.tr\/tr\/wp-json\/wp\/v2\/pages"}],"about":[{"href":"https:\/\/muz.com.tr\/tr\/wp-json\/wp\/v2\/types\/page"}],"author":[{"embeddable":true,"href":"https:\/\/muz.com.tr\/tr\/wp-json\/wp\/v2\/users\/1"}],"replies":[{"embeddable":true,"href":"https:\/\/muz.com.tr\/tr\/wp-json\/wp\/v2\/comments?post=36"}],"version-history":[{"count":3,"href":"https:\/\/muz.com.tr\/tr\/wp-json\/wp\/v2\/pages\/36\/revisions"}],"predecessor-version":[{"id":155,"href":"https:\/\/muz.com.tr\/tr\/wp-json\/wp\/v2\/pages\/36\/revisions\/155"}],"wp:featuredmedia":[{"embeddable":true,"href":"https:\/\/muz.com.tr\/tr\/wp-json\/wp\/v2\/media\/157"}],"wp:attachment":[{"href":"https:\/\/muz.com.tr\/tr\/wp-json\/wp\/v2\/media?parent=36"}],"curies":[{"name":"wp","href":"https:\/\/api.w.org\/{rel}","templated":true}]}}