{"id":32,"date":"2026-01-30T21:56:42","date_gmt":"2026-01-30T21:56:42","guid":{"rendered":"https:\/\/muz.com.tr\/tr\/?page_id=32"},"modified":"2026-01-31T17:45:59","modified_gmt":"2026-01-31T17:45:59","slug":"hakkimizda","status":"publish","type":"page","link":"https:\/\/muz.com.tr\/tr\/hakkimizda\/","title":{"rendered":"Hakk\u0131m\u0131zda"},"content":{"rendered":"<p style=\"font-weight: 400;\"><strong>\u00d6zge\u00e7mi\u015f<\/strong><\/p>\n<p style=\"font-weight: 400;\">22 \u015eubat 1962 y\u0131l\u0131nda Burdur ili Ba\u011fsaray Kasabas\u0131nda do\u011fan B\u00fcnyamin KOZAK, ilk, orta ve lise \u00f6\u011fretimini Antalya\u2019da tamamlad\u0131. \u00c7ukurova \u00dcniversitesi Ziraat Fak\u00fcltesi Toprak B\u00f6l\u00fcm\u00fcnde ba\u015flad\u0131\u011f\u0131 mesleki e\u011fitimini 1984 y\u0131l\u0131nda bitirerek ayn\u0131 y\u0131l y\u00fcksek lisansa (master) ba\u015flad\u0131. Haz\u0131rlad\u0131\u011f\u0131 seminer konusuyla dikkatini \u00e7eken yabanc\u0131 bir ila\u00e7 firmas\u0131nda \u00e7al\u0131\u015ft\u0131. Daha sonra D\u00fcnya Bankas\u0131n\u0131n s\u00fcrd\u00fcrd\u00fc\u011f\u00fc \u00c7ukurova Projesinde \u00e7al\u0131\u015fma ortam\u0131 buldu. 1986 y\u0131l\u0131nda evlendi ve Tar\u0131m ve K\u00f6yi\u015fleri Bakanl\u0131\u011f\u0131 Ni\u011fde \u0130l M\u00fcd\u00fcrl\u00fc\u011f\u00fcnde M\u00fchendis olarak g\u00f6reve ba\u015flad\u0131. 1994 y\u0131l\u0131nda\u00a0<a href=\"https:\/\/muz.gen.tr\/bkozak\/fotolar\/FOTOLAR\/bitkikorumakitabibk.jpg\">Ni\u011fde \u0130li Bitki Koruma El Kitab\u0131n\u0131\u00a0<\/a>haz\u0131rlad\u0131.<\/p>\n<p style=\"font-weight: 400;\">\n<p style=\"font-weight: 400;\">Bu arada s\u00fcrd\u00fcrd\u00fc\u011f\u00fc y\u00fcksek lisansa ara verdi ve 1995 y\u0131l\u0131nda tekrar ba\u015flayarak 1996 y\u0131l\u0131nda y\u00fcksek m\u00fchendis \u00fcnvan\u0131 ald\u0131. Organik g\u00fcbreleme-mineral g\u00fcbreleme kar\u015f\u0131la\u015ft\u0131rmas\u0131 yapt\u0131\u011f\u0131\u00a0<a href=\"https:\/\/tez.yok.gov.tr\/UlusalTezMerkezi\/tezDetay.jsp?id=fn7Bt0JBnzufsacqdTM2oA&amp;no=fn7Bt0JBnzufsacqdTM2oA\">y\u00fcksek lisans tezi<\/a>\u00a0s\u0131ras\u0131nda muzla tan\u0131\u015ft\u0131.<\/p>\n<p style=\"font-weight: 400;\">Anamur il\u00e7esinde g\u00f6reve ba\u015flad\u0131\u011f\u0131 Anamur\u2019da 1994 y\u0131l\u0131, \u00c7ilek yeti\u015ftiricili\u011finin parlama, muz yeti\u015ftiricili\u011finin ise d\u00fc\u015f\u00fc\u015f d\u00f6nemiydi. \u0130l\u00e7edeki \u00f6rt\u00fc alt\u0131 muz alan\u0131 619 dekard\u0131. Ortalama verim a\u011fa\u00e7 ba\u015f\u0131na a\u00e7\u0131kta 15 kg., \u00f6rt\u00fc alt\u0131nda ise 20-25 kg. aras\u0131nda idi.<\/p>\n<p style=\"font-weight: 400;\">\n<p style=\"font-weight: 400;\">Mineral g\u00fcbre kullan\u0131m\u0131 bilin\u00e7siz ve yetersizdi. Anamur Tar\u0131m\u0131n\u0131 Ya\u015fatma ve Geli\u015ftirme Derne\u011finin kurulmas\u0131na \u00f6nc\u00fcl\u00fck eden Kozak derne\u011fin ba\u015fkan\u0131 olarak, \u00e7ift\u00e7ilerin, il\u00e7edeki di\u011fer ziraat m\u00fchendislerinin ve baz\u0131 firmalar\u0131n deste\u011fi ile \u00fclkemizdeki ilk \u00c7ift\u00e7i E\u011fitim Merkezinin kurulmas\u0131n\u0131 sa\u011flad\u0131. Muz ile ilgili pek \u00e7ok deneme, ara\u015ft\u0131rma y\u00fcr\u00fctt\u00fc. \u00c7ift\u00e7i gezileri d\u00fczenledi.<\/p>\n<p style=\"font-weight: 400;\">\n<p style=\"font-weight: 400;\">1996 y\u0131l\u0131nda tamamlad\u0131\u011f\u0131 y\u00fcksek lisans tezi s\u0131ras\u0131nda muzda g\u00fcbreleme konusunda \u00f6nemli sonu\u00e7lar buldu. Anamur muz bah\u00e7eleri verim ve kalite olarak D\u00fcnya ortalamas\u0131na ula\u015ft\u0131. 1998 y\u0131l\u0131na gelindi\u011finde yer f\u0131st\u0131\u011f\u0131 tarlalar\u0131 h\u0131zl\u0131 bir \u015fekilde \u00f6rt\u00fc alt\u0131 muz yeti\u015ftiricili\u011fine ge\u00e7iyor, bunun sonucu olarak muz pazarlama tesisleri \u00e7o\u011falmaya ba\u015fl\u0131yordu. 2006 y\u0131l\u0131nda sadece Anamur il\u00e7esindeki muz alanlar\u0131 yakla\u015f\u0131k 30 kat artarak 17.000 dekara ula\u015ft\u0131, verim ise 4.300 tondan 90.000 tona \u00e7\u0131kt\u0131. A\u011fa\u00e7 ba\u015f\u0131na verim ortalama 20 kg&#8217;dan 40 kg&#8217;a ula\u015ft\u0131.<\/p>\n<p style=\"font-weight: 400;\">1998 y\u0131l\u0131nda \u0130l\u00e7ede tar\u0131mla ilgili b\u00fct\u00fcn kurulu\u015flar\u0131n bir araya geldi\u011fi \u0130l\u00e7e Tar\u0131m Komitesinin kurulu\u015funda g\u00f6rev ald\u0131 ve komitenin \u00e7al\u0131\u015fmalar\u0131n\u0131 bir kitap\u00e7\u0131k haline getirerek Anamur \u0130l\u00e7esi Tar\u0131m Komitesi bildirisi olarak Anamur\u2019da yap\u0131lan I. Uluslararas\u0131 Turfanda \u015euras\u0131nda sunulmas\u0131n\u0131 sa\u011flad\u0131.<\/p>\n<p style=\"font-weight: 400;\">\n<p style=\"font-weight: 400;\">1999 y\u0131l\u0131nda muz \u00fczerine yapt\u0131\u011f\u0131 ara\u015ft\u0131rmalar ve uygulamalar\u0131n\u0131\u00a0<a href=\"https:\/\/muz.gen.tr\/bkozak\/muzkit\/muzyeto1.htm\">Muz Yeti\u015ftiricili\u011fi\u00a0<\/a>ad\u0131nda bir kitap haline getirdi. \u00dclkemizde \u015fimdiye kadar muz yeti\u015ftiricili\u011fi konusunda yay\u0131nlanan ilk ve tek kitap olan bu kitap Ziraat M\u00fchendisleri Odas\u0131 \u0130\u00e7el \u015eubesi taraf\u0131ndan yakla\u015f\u0131k 20 firman\u0131n maddi destekleriyle yay\u0131nland\u0131.<\/p>\n<p style=\"font-weight: 400;\">\n<p style=\"font-weight: 400;\">Yap\u0131lan \u00e7al\u0131\u015fmalar\u0131n \u00e7evre il\u00e7elere ula\u015fmas\u0131yla da T\u00fcrkiye muz \u00fcretimi 30.000 tonlarda iken bug\u00fcn 200.000 tona yakla\u015ft\u0131. Muz Yeti\u015ftiricili\u011fi kitab\u0131n\u0131n birinci bask\u0131s\u0131n\u0131n bitmesi \u00fczerine 2003 y\u0131l\u0131nda 500 sayfal\u0131k geni\u015fletilmi\u015f 2. bask\u0131s\u0131n\u0131 Ziraat Odalar\u0131 Birli\u011fi kanal\u0131yla yay\u0131nlad\u0131.<\/p>\n<p style=\"font-weight: 400;\">\n<p style=\"font-weight: 400;\">Kitab\u0131n yay\u0131nlanmas\u0131 s\u0131ras\u0131nda Mersin iline ge\u00e7ici g\u00f6revle g\u00f6nderilen B\u00fcnyamin Kozak, Anamur\u2019a d\u00f6n\u00fc\u015f\u00fcnden sonra muz ile daha \u00e7ok mesai d\u0131\u015f\u0131nda, yeni do\u011fan k\u0131z\u0131ndan zaman ay\u0131rabildi\u011fi kadar ilgilenmeye ba\u015flad\u0131. Anamur\u2019a d\u00f6n\u00fc\u015f\u00fcnden 1 y\u0131l sonra bu sefer D\u00fczce iline ge\u00e7ici g\u00f6revle g\u00f6nderildi. Anamur ve Alanya il\u00e7esindeki meslek odalar\u0131 ve muz \u00fcreticilerinin tepkisi sonucu Bakan onay\u0131 ile D\u00fczce g\u00f6revi iptal edildi.<\/p>\n<p style=\"font-weight: 400;\">Anamur\u2019a geri d\u00f6nerek yine muz \u00fcreticilerinin taleplerini kar\u015f\u0131lamaya ba\u015flad\u0131. Anamur Muz-Der\u2019in kurulmas\u0131na yard\u0131mc\u0131 oldu. Alanya il\u00e7esinde de ilk muz seralar\u0131n\u0131n kurulmas\u0131na yard\u0131m etti. Mersin \u015fehir merkezinde M\u00fcft\u00fc Deresi kenar\u0131nda 8 dekar Muz Seras\u0131 kurumas\u0131na teknik destek verdi.<\/p>\n<p style=\"font-weight: 400;\">Zaman olarak \u00fcretici taleplerine yeti\u015fememesi nedeniyle \u201c<a href=\"http:\/\/www.muz.gen.tr\/muzbulteni\">Ayl\u0131k Muz B\u00fclteni<\/a>\u201d yay\u0131nlama fikrini d\u00fc\u015f\u00fcnd\u00fc. D\u00fczenli olarak her ay 1500 adet muz b\u00fclteninin haz\u0131rlan\u0131p \u00fccretsiz olarak Anamur, Bozyaz\u0131, Alanya ve Gazipa\u015fa\u2019daki muz \u00fcreticilerine ula\u015fmas\u0131n\u0131\u00a0sa\u011flamaya ba\u015flad\u0131.\u00a0Alanya&#8217;da ilk ve sonras\u0131nda h\u0131zla yayg\u0131nla\u015fan muz seralar\u0131n\u0131n kurulmas\u0131na yard\u0131mc\u0131 oldu. Anamur Muz \u00dcreticileri Derne\u011fi&#8217;nin kurulu\u015funa yard\u0131mc\u0131 oldu ve y\u00f6netim kurulu \u00fcyeli\u011fini s\u00fcrd\u00fcrmekte. Bundan ba\u015fka Anamur Muz \u00dcreticileri Birli\u011fi, Alanya Muz-Der ve Alanya Muz \u00dcreticileri Birli\u011finin teknik dan\u0131\u015fmanl\u0131\u011f\u0131n\u0131 y\u00fcr\u00fctmektedir.<\/p>\n<p style=\"font-weight: 400;\">\n<p style=\"font-weight: 400;\">Ayr\u0131ca Anamur il\u00e7esinin tan\u0131t\u0131m\u0131na y\u00f6nelik\u00a0www.anamur.gen.tr, Muz \u00dcreticilerine y\u00f6nelik\u00a0www.muz.gen.tr\u00a0ve T\u00fcrk Tar\u0131m\u0131na y\u00f6nelik\u00a0www.tarim.gen.tr\u00a0adlar\u0131nda 3 adet internet sitesinin s\u00fcrd\u00fcr\u00fclmesini sa\u011fl\u0131yor. Mesai saatleri i\u00e7inde\u00a0Anamur Tar\u0131m \u0130l\u00e7e M\u00fcd\u00fcrl\u00fc\u011f\u00fcnde m\u00fchendis olarak hizmet veriyor. 22 y\u0131ll\u0131k meslek hayat\u0131nda 1 kaymakaml\u0131k takdiri, 2 y\u0131l olumlu sicilden terfi, 1 y\u0131l y\u00fcksek lisanstan terfi ald\u0131. 2000 y\u0131l\u0131nda yap\u0131lan TMMOB Ziraat M\u00fchendisleri Odas\u0131 Genel Merkez Genel Kurulu\u00a0<a href=\"https:\/\/muz.gen.tr\/bkozak\/fotolar\/FOTOLAR\/37donem-2.jpg\">sonu\u00e7 bildirgesini<\/a>\u00a0haz\u0131rlayan 3 ki\u015filik grupta yer ald\u0131. \u00c7al\u0131\u015fmalar\u0131ndan dolay\u0131\u00a0TMMOB Ziraat M\u00fchendisleri Odas\u0131 taraf\u0131ndan Bilim, Hizmet ve Te\u015fvik \u00d6d\u00fclleri \u00e7er\u00e7evesinde 2002 y\u0131l\u0131 \u201c<a href=\"http:\/\/www.muz.gen.tr\/bkozak\/basindabk.htm#TE%C5%9EV%C4%B0K%20%C3%96D%C3%9CL%C3%9C\">Te\u015fvik \u00d6d\u00fcl\u00fc<\/a>\u201d verildi.<\/p>\n<p style=\"font-weight: 400;\">Anamur, Gazipa\u015fa ve Alanya il\u00e7elerinde konferanslar verdi. Bas\u0131n ve Televizyon arac\u0131l\u0131\u011f\u0131 ile muz yeti\u015ftiricili\u011fini anlatt\u0131.<\/p>\n<p style=\"font-weight: 400;\">\n<p style=\"font-weight: 400;\">Meslekta\u015f ve \u00fcreticilerden ald\u0131\u011f\u0131 destekle \u00e7al\u0131\u015fmalar\u0131n\u0131 s\u00fcrd\u00fcren Kozak, h\u0131zla t\u00fckenen 1. bask\u0131dan sonra kendisine ula\u015fan bir \u00e7ok yay\u0131n ve \u00e7al\u0131\u015fman\u0131n da de\u011ferlendirildi\u011fi geni\u015fletilmi\u015f 2. bask\u0131y\u0131 \u00fcretici ve esnaf destekleriyle yay\u0131nland\u0131.<\/p>\n<p style=\"font-weight: 400;\">\u00c7al\u0131\u015fmalar\u0131n\u0131 i\u00e7eren ya\u015fam \u00f6yk\u00fcs\u00fc 2005 y\u0131l\u0131 Mart Ay\u0131 say\u0131s\u0131nda Pamukkale Dergisinde yay\u0131nland\u0131&#8230;<\/p>\n<p style=\"font-weight: 400;\">2006 y\u0131l\u0131 Nisan ay\u0131nda Anamur ovas\u0131nda y\u00fcksek taban suyu ve tuzluluk problemi nedeniyle kullan\u0131lamayan ve de\u011feri \u00e7ok d\u00fc\u015f\u00fck olan b\u00f6lgede ald\u0131\u011f\u0131 3.000 m2 arazi \u00fczerine, gerekli arazi \u0131slah\u0131n\u0131 yaparak ve uygun ana\u00e7 kullanarak\u00a0<a href=\"http:\/\/www.tarim.gen.tr\/bodurmeyve\/bknektarin.htm\">bodur nektarin bah\u00e7esi<\/a>\u00a0kurdu. Hemen 1 y\u0131l sonra 8 May\u0131s 2007 tarihinde bah\u00e7eden ald\u0131\u011f\u0131 olumlu sonu\u00e7lar\u0131 b\u00f6lge \u00fcreticisiyle payla\u015fmak amac\u0131yla Anamur Kaymakam\u0131n\u0131n da kat\u0131ld\u0131\u011f\u0131 bir bah\u00e7e g\u00fcn\u00fc ile tan\u0131tt\u0131. B\u00f6ylece Anamur&#8217;da muz ve \u00e7ilek gelirine ek olarak, su s\u0131k\u0131nt\u0131s\u0131 veya toprak sorunu olan muz ve \u00e7ilek yeti\u015ftirilemeyen topraklar\u0131n bodur meyvecili\u011fe y\u00f6nelmesi i\u00e7in \u00f6rnek \u00e7al\u0131\u015fmalar yapt\u0131, y\u00f6netti.<\/p>\n<p style=\"font-weight: 400;\">\n<p style=\"font-weight: 400;\">\n<p style=\"font-weight: 400;\">2004 y\u0131l\u0131 haziran ay\u0131nda Anamur ve \u00d6ren Belediyelerinin organize etti\u011fi Tar\u0131m-K\u00fclt\u00fcr ve Turizm festivallerinde ilk defa\u00a0<a href=\"http:\/\/www.anamur.gen.tr\/fotosergi\">foto\u011fraf sergisi\u00a0<\/a>a\u00e7t\u0131.<\/p>\n<p style=\"font-weight: 400;\">\n<p style=\"font-weight: 400;\">2008 y\u0131l\u0131nda Anamur&#8217;da yap\u0131lan 1. Amat\u00f6r Foto\u011fraf Yar\u0131\u015fmas\u0131nda 2. oldu.<\/p>\n<p style=\"font-weight: 400;\">\n<p style=\"font-weight: 400;\">\n<p style=\"font-weight: 400;\">\n<p style=\"font-weight: 400;\">\n<table width=\"100%\">\n<tbody>\n<tr>\n<td width=\"50%\"><strong><a href=\"mailto:bkozak@muz.gen.tr\">B\u00fcnyamin KOZAK<\/a><\/strong><\/p>\n<p><strong>\u0130leti\u015fim: 0532 486 28 53<\/strong><\/p>\n<p><strong>kozak@muz.com.tr\u00a0<\/strong><\/td>\n<td width=\"50%\"><\/td>\n<\/tr>\n<\/tbody>\n<\/table>\n<p style=\"font-weight: 400;\">\n","protected":false},"excerpt":{"rendered":"<p>\u00d6zge\u00e7mi\u015f 22 \u015eubat 1962 y\u0131l\u0131nda Burdur ili Ba\u011fsaray Kasabas\u0131nda do\u011fan B\u00fcnyamin KOZAK, ilk, orta ve lise \u00f6\u011fretimini Antalya\u2019da tamamlad\u0131. \u00c7ukurova \u00dcniversitesi Ziraat Fak\u00fcltesi Toprak B\u00f6l\u00fcm\u00fcnde ba\u015flad\u0131\u011f\u0131 mesleki e\u011fitimini 1984 y\u0131l\u0131nda bitirerek ayn\u0131 y\u0131l y\u00fcksek lisansa (master) ba\u015flad\u0131. Haz\u0131rlad\u0131\u011f\u0131 seminer konusuyla dikkatini \u00e7eken yabanc\u0131 bir ila\u00e7 firmas\u0131nda \u00e7al\u0131\u015ft\u0131. Daha sonra D\u00fcnya Bankas\u0131n\u0131n s\u00fcrd\u00fcrd\u00fc\u011f\u00fc \u00c7ukurova Projesinde \u00e7al\u0131\u015fma [&hellip;]<\/p>\n","protected":false},"author":1,"featured_media":0,"parent":0,"menu_order":0,"comment_status":"closed","ping_status":"closed","template":"","meta":{"_regular_price":[],"currency_symbol":[],"footnotes":""},"class_list":["post-32","page","type-page","status-publish","hentry"],"post_slider_layout_featured_media_urls":{"thumbnail":"","post_slider_layout_landscape_large":"","post_slider_layout_portrait_large":"","post_slider_layout_square_large":"","post_slider_layout_landscape":"","post_slider_layout_portrait":"","post_slider_layout_square":"","full":""},"jetpack_sharing_enabled":true,"_links":{"self":[{"href":"https:\/\/muz.com.tr\/tr\/wp-json\/wp\/v2\/pages\/32","targetHints":{"allow":["GET"]}}],"collection":[{"href":"https:\/\/muz.com.tr\/tr\/wp-json\/wp\/v2\/pages"}],"about":[{"href":"https:\/\/muz.com.tr\/tr\/wp-json\/wp\/v2\/types\/page"}],"author":[{"embeddable":true,"href":"https:\/\/muz.com.tr\/tr\/wp-json\/wp\/v2\/users\/1"}],"replies":[{"embeddable":true,"href":"https:\/\/muz.com.tr\/tr\/wp-json\/wp\/v2\/comments?post=32"}],"version-history":[{"count":5,"href":"https:\/\/muz.com.tr\/tr\/wp-json\/wp\/v2\/pages\/32\/revisions"}],"predecessor-version":[{"id":142,"href":"https:\/\/muz.com.tr\/tr\/wp-json\/wp\/v2\/pages\/32\/revisions\/142"}],"wp:attachment":[{"href":"https:\/\/muz.com.tr\/tr\/wp-json\/wp\/v2\/media?parent=32"}],"curies":[{"name":"wp","href":"https:\/\/api.w.org\/{rel}","templated":true}]}}